{"id":41,"date":"2020-08-09T21:14:49","date_gmt":"2020-08-09T21:14:49","guid":{"rendered":"http:\/\/oltcon.pl\/tylickiwet\/?page_id=41"},"modified":"2022-02-21T20:40:12","modified_gmt":"2022-02-21T20:40:12","slug":"strona-glowna","status":"publish","type":"page","link":"https:\/\/tylickiwet.pl\/","title":{"rendered":"Strona G\u0142\u00f3wna"},"content":{"rendered":"\n<div class=\"wp-block-columns is-layout-flex wp-container-core-columns-is-layout-1 wp-block-columns-is-layout-flex\">\n<div class=\"wp-block-column is-layout-flow wp-block-column-is-layout-flow\">\n<p>Witamy pa\u0144stwa na stronie internetowej gabinetu weterynaryjnego w <strong>Wierzchucinie<\/strong>.<br>Nasza plac\u00f3wka po\u0142o\u017cona jest w malowniczym pasie nadmorskim, w pobli\u017cu jeziora \u017barnowieckiego, w s\u0105siedztwie znanych miejscowo\u015bci wypoczynkowych takich jak D\u0119bki, Karwia, Bia\u0142og\u00f3ra czy Lubiatowo.<br><\/p>\n<\/div>\n\n\n\n<div class=\"wp-block-column is-layout-flow wp-block-column-is-layout-flow\">\n<p>Z przyjemno\u015bci\u0105 informujemy, \u017ce w celu zapewnienia Pa\u0144stwu szerszego dost\u0119pu do naszych us\u0142ug uruchomili\u015bmy fili\u0119 w miejscowo\u015bci <strong>Choczewo<\/strong>, kt\u00f3ra mie\u015bci si\u0119 przy siedzibie nadle\u015bnictwa na ulicy \u015awierkowej.<br><\/p>\n<\/div>\n<\/div>\n\n\n\n<p>Dzi\u0119ki wykorzystaniu nowoczesnego sprz\u0119tu s\u0142u\u017c\u0105cego do diagnozowania i leczenia naszych pacjent\u00f3w oraz ci\u0105g\u0142emu podnoszeniu w\u0142asnych kwalifikacji zawodowych jeste\u015bmy w stanie zapewni\u0107 naszym podopiecznym wysoki standard us\u0142ug.<br>Naszym celem jest niesienie pomocy zwierz\u0119tom w spos\u00f3b rzetelny\u00a0 i profesjonalny.<\/p>\n","protected":false},"excerpt":{"rendered":"<p>Witamy pa\u0144stwa na stronie internetowej gabinetu weterynaryjnego w Wierzchucinie.Nasza plac\u00f3wka po\u0142o\u017cona jest w malowniczym [&hellip;]<\/p>\n","protected":false},"author":2,"featured_media":0,"parent":0,"menu_order":0,"comment_status":"closed","ping_status":"closed","template":"","meta":{"footnotes":""},"class_list":["post-41","page","type-page","status-publish","hentry"],"_links":{"self":[{"href":"https:\/\/tylickiwet.pl\/index.php\/wp-json\/wp\/v2\/pages\/41","targetHints":{"allow":["GET"]}}],"collection":[{"href":"https:\/\/tylickiwet.pl\/index.php\/wp-json\/wp\/v2\/pages"}],"about":[{"href":"https:\/\/tylickiwet.pl\/index.php\/wp-json\/wp\/v2\/types\/page"}],"author":[{"embeddable":true,"href":"https:\/\/tylickiwet.pl\/index.php\/wp-json\/wp\/v2\/users\/2"}],"replies":[{"embeddable":true,"href":"https:\/\/tylickiwet.pl\/index.php\/wp-json\/wp\/v2\/comments?post=41"}],"version-history":[{"count":1,"href":"https:\/\/tylickiwet.pl\/index.php\/wp-json\/wp\/v2\/pages\/41\/revisions"}],"predecessor-version":[{"id":301,"href":"https:\/\/tylickiwet.pl\/index.php\/wp-json\/wp\/v2\/pages\/41\/revisions\/301"}],"wp:attachment":[{"href":"https:\/\/tylickiwet.pl\/index.php\/wp-json\/wp\/v2\/media?parent=41"}],"curies":[{"name":"wp","href":"https:\/\/api.w.org\/{rel}","templated":true}]}}